{"id":26,"date":"2020-12-08T18:48:07","date_gmt":"2020-12-08T17:48:07","guid":{"rendered":"https:\/\/fsyc.org\/coopera\/?page_id=26"},"modified":"2020-12-24T11:12:17","modified_gmt":"2020-12-24T10:12:17","slug":"cooperacio","status":"publish","type":"page","link":"https:\/\/fsyc.org\/coopera\/cooperacio\/","title":{"rendered":"Cooperaci\u00f3"},"content":{"rendered":"<p><div class=\"fusion-fullwidth fullwidth-box fusion-builder-row-1 fusion-flex-container nonhundred-percent-fullwidth non-hundred-percent-height-scrolling\" style=\"--awb-border-radius-top-left:0px;--awb-border-radius-top-right:0px;--awb-border-radius-bottom-right:0px;--awb-border-radius-bottom-left:0px;--awb-flex-wrap:wrap;\" ><div class=\"fusion-builder-row fusion-row fusion-flex-align-items-flex-start fusion-flex-content-wrap\" style=\"max-width:1248px;margin-left: calc(-4% \/ 2 );margin-right: calc(-4% \/ 2 );\"><div class=\"fusion-layout-column fusion_builder_column fusion-builder-column-0 fusion_builder_column_1_1 1_1 fusion-flex-column\" style=\"--awb-bg-size:cover;--awb-width-large:100%;--awb-margin-top-large:0px;--awb-spacing-right-large:1.92%;--awb-margin-bottom-large:20px;--awb-spacing-left-large:1.92%;--awb-width-medium:100%;--awb-order-medium:0;--awb-spacing-right-medium:1.92%;--awb-spacing-left-medium:1.92%;--awb-width-small:100%;--awb-order-small:0;--awb-spacing-right-small:1.92%;--awb-spacing-left-small:1.92%;\"><div class=\"fusion-column-wrapper fusion-column-has-shadow fusion-flex-justify-content-flex-start fusion-content-layout-column\"><div class=\"fusion-text fusion-text-1\"><h3>Qu\u00e8 estem fent\u00a0?<\/h3>\n<p>A continuaci\u00f3 us expliquem l&#8217;evoluci\u00f3 del projecte que s&#8217;est\u00e0 desenvolupant a Pikine i Gu\u00e9diawaye (Dakar) a partir de les informacions facilitades per la contrapart local, JEUNEDEV:<\/p>\n<\/div><\/div><\/div><\/div><\/div><div class=\"fusion-fullwidth fullwidth-box fusion-builder-row-2 fusion-flex-container nonhundred-percent-fullwidth non-hundred-percent-height-scrolling\" style=\"--awb-border-radius-top-left:0px;--awb-border-radius-top-right:0px;--awb-border-radius-bottom-right:0px;--awb-border-radius-bottom-left:0px;--awb-flex-wrap:wrap;\" ><div class=\"fusion-builder-row fusion-row fusion-flex-align-items-flex-start fusion-flex-content-wrap\" style=\"max-width:1248px;margin-left: calc(-4% \/ 2 );margin-right: calc(-4% \/ 2 );\"><div class=\"fusion-layout-column fusion_builder_column fusion-builder-column-1 fusion_builder_column_1_1 1_1 fusion-flex-column\" style=\"--awb-bg-size:cover;--awb-width-large:100%;--awb-margin-top-large:0px;--awb-spacing-right-large:1.92%;--awb-margin-bottom-large:20px;--awb-spacing-left-large:1.92%;--awb-width-medium:100%;--awb-order-medium:0;--awb-spacing-right-medium:1.92%;--awb-spacing-left-medium:1.92%;--awb-width-small:100%;--awb-order-small:0;--awb-spacing-right-small:1.92%;--awb-spacing-left-small:1.92%;\"><div class=\"fusion-column-wrapper fusion-column-has-shadow fusion-flex-justify-content-flex-start fusion-content-layout-column\"><div class=\"fusion-blog-shortcode fusion-blog-shortcode-1 fusion-blog-archive fusion-blog-layout-grid-wrapper fusion-blog-infinite\"><style type=\"text\/css\">.fusion-blog-shortcode-1 .fusion-blog-layout-grid .fusion-post-grid{padding:12.5px;}.fusion-blog-shortcode-1 .fusion-posts-container{margin-left: -12.5px !important; margin-right:-12.5px !important;}<\/style><div class=\"fusion-posts-container fusion-posts-container-infinite fusion-blog-rollover fusion-blog-layout-grid fusion-blog-layout-grid-3 isotope\" data-pages=\"1\" data-grid-col-space=\"25\" style=\"margin: -12.5px -12.5px 0;min-height:500px;\"><article id=\"blog-1-post-178\" class=\"fusion-post-grid post-178 post type-post status-publish format-standard hentry category-cooperacio\">\n<div class=\"fusion-post-wrapper\" style=\"background-color:rgba(255,255,255,0);border:1px solid #f2f3f5;border-bottom-width:3px;\">\n\n<div class=\"fusion-post-content-wrapper\" style=\"padding:30px 25px 25px 25px;\"><div class=\"fusion-post-content post-content\"><h2 class=\"blog-shortcode-post-title entry-title\"><a href=\"https:\/\/fsyc.org\/coopera\/cooperacio\/fsc-i-jeunedev-finalitzen-amb-exit-el-projecte-de-cooperacio-a-dakar-senegal-sobre-violencies-de-genere-i-drets-sexuals-i-reproductius\/\">FSC i JEUNEDEV finalitzen amb \u00e8xit el projecte de cooperaci\u00f3 a Dakar (Senegal) sobre viol\u00e8ncies de g\u00e8nere i drets sexuals i reproductius<\/a><\/h2><div class=\"fusion-content-sep sep-double sep-solid\"><\/div><\/div><div class=\"fusion-meta-info\"><div class=\"fusion-alignleft\"><a class=\"fusion-read-more\" href=\"https:\/\/fsyc.org\/coopera\/cooperacio\/fsc-i-jeunedev-finalitzen-amb-exit-el-projecte-de-cooperacio-a-dakar-senegal-sobre-violencies-de-genere-i-drets-sexuals-i-reproductius\/\" aria-label=\"More on FSC i JEUNEDEV finalitzen amb \u00e8xit el projecte de cooperaci\u00f3 a Dakar (Senegal) sobre viol\u00e8ncies de g\u00e8nere i drets sexuals i reproductius\">Llegeix m\u00e9s<\/a><\/div><\/div><\/div><div class=\"fusion-clearfix\"><\/div><\/div>\n<\/article>\n<article id=\"blog-1-post-175\" class=\"fusion-post-grid post-175 post type-post status-publish format-standard hentry category-cooperacio\">\n<div class=\"fusion-post-wrapper\" style=\"background-color:rgba(255,255,255,0);border:1px solid #f2f3f5;border-bottom-width:3px;\">\n\n<div class=\"fusion-post-content-wrapper\" style=\"padding:30px 25px 25px 25px;\"><div class=\"fusion-post-content post-content\"><h2 class=\"blog-shortcode-post-title entry-title\"><a href=\"https:\/\/fsyc.org\/coopera\/cooperacio\/campanya-de-sensibilitzacio-digital-i-radiofonica-per-sensibilitzar-sobre-els-dsr-i-les-vbg\/\">Campanya de sensibilitzaci\u00f3 digital i radiof\u00f2nica per sensibilitzar sobre els DSR i les VBG<\/a><\/h2><div class=\"fusion-content-sep sep-double sep-solid\"><\/div><\/div><div class=\"fusion-meta-info\"><div class=\"fusion-alignleft\"><a class=\"fusion-read-more\" href=\"https:\/\/fsyc.org\/coopera\/cooperacio\/campanya-de-sensibilitzacio-digital-i-radiofonica-per-sensibilitzar-sobre-els-dsr-i-les-vbg\/\" aria-label=\"More on Campanya de sensibilitzaci\u00f3 digital i radiof\u00f2nica per sensibilitzar sobre els DSR i les VBG\">Llegeix m\u00e9s<\/a><\/div><\/div><\/div><div class=\"fusion-clearfix\"><\/div><\/div>\n<\/article>\n<article id=\"blog-1-post-173\" class=\"fusion-post-grid post-173 post type-post status-publish format-standard hentry category-cooperacio\">\n<div class=\"fusion-post-wrapper\" style=\"background-color:rgba(255,255,255,0);border:1px solid #f2f3f5;border-bottom-width:3px;\">\n\n<div class=\"fusion-post-content-wrapper\" style=\"padding:30px 25px 25px 25px;\"><div class=\"fusion-post-content post-content\"><h2 class=\"blog-shortcode-post-title entry-title\"><a href=\"https:\/\/fsyc.org\/coopera\/cooperacio\/tallers-sobre-dsr-vbg-i-corresponsabilitat-amb-homes-de-les-comunitats\/\">Tallers sobre DSR\/VBG i corresponsabilitat amb homes de les comunitats<\/a><\/h2><div class=\"fusion-content-sep sep-double sep-solid\"><\/div><\/div><div class=\"fusion-meta-info\"><div class=\"fusion-alignleft\"><a class=\"fusion-read-more\" href=\"https:\/\/fsyc.org\/coopera\/cooperacio\/tallers-sobre-dsr-vbg-i-corresponsabilitat-amb-homes-de-les-comunitats\/\" aria-label=\"More on Tallers sobre DSR\/VBG i corresponsabilitat amb homes de les comunitats\">Llegeix m\u00e9s<\/a><\/div><\/div><\/div><div class=\"fusion-clearfix\"><\/div><\/div>\n<\/article>\n<article id=\"blog-1-post-171\" class=\"fusion-post-grid post-171 post type-post status-publish format-standard hentry category-cooperacio\">\n<div class=\"fusion-post-wrapper\" style=\"background-color:rgba(255,255,255,0);border:1px solid #f2f3f5;border-bottom-width:3px;\">\n\n<div class=\"fusion-post-content-wrapper\" style=\"padding:30px 25px 25px 25px;\"><div class=\"fusion-post-content post-content\"><h2 class=\"blog-shortcode-post-title entry-title\"><a href=\"https:\/\/fsyc.org\/coopera\/cooperacio\/tallers-per-abordar-els-dsr-vbg-amb-dones-de-les-comunitats-2\/\">Tallers per abordar els DSR\/VBG amb dones de les comunitats<\/a><\/h2><div class=\"fusion-content-sep sep-double sep-solid\"><\/div><\/div><div class=\"fusion-meta-info\"><div class=\"fusion-alignleft\"><a class=\"fusion-read-more\" href=\"https:\/\/fsyc.org\/coopera\/cooperacio\/tallers-per-abordar-els-dsr-vbg-amb-dones-de-les-comunitats-2\/\" aria-label=\"More on Tallers per abordar els DSR\/VBG amb dones de les comunitats\">Llegeix m\u00e9s<\/a><\/div><\/div><\/div><div class=\"fusion-clearfix\"><\/div><\/div>\n<\/article>\n<article id=\"blog-1-post-160\" class=\"fusion-post-grid post-160 post type-post status-publish format-gallery hentry category-cooperacio post_format-post-format-gallery\">\n<div class=\"fusion-post-wrapper\" style=\"background-color:rgba(255,255,255,0);border:1px solid #f2f3f5;border-bottom-width:3px;\">\n\n<div class=\"fusion-post-content-wrapper\" style=\"padding:30px 25px 25px 25px;\"><div class=\"fusion-post-content post-content\"><h2 class=\"blog-shortcode-post-title entry-title\"><a href=\"https:\/\/fsyc.org\/coopera\/cooperacio\/tallers-escolars-sobre-vbg-dsr-i-mutilacio-genital-femenina\/\">Tallers escolars sobre VBG\/DSR i mutilaci\u00f3 genital femenina<\/a><\/h2><div class=\"fusion-content-sep sep-double sep-solid\"><\/div><\/div><div class=\"fusion-meta-info\"><div class=\"fusion-alignleft\"><a class=\"fusion-read-more\" href=\"https:\/\/fsyc.org\/coopera\/cooperacio\/tallers-escolars-sobre-vbg-dsr-i-mutilacio-genital-femenina\/\" aria-label=\"More on Tallers escolars sobre VBG\/DSR i mutilaci\u00f3 genital femenina\">Llegeix m\u00e9s<\/a><\/div><\/div><\/div><div class=\"fusion-clearfix\"><\/div><\/div>\n<\/article>\n<article id=\"blog-1-post-147\" class=\"fusion-post-grid post-147 post type-post status-publish format-gallery hentry category-cooperacio post_format-post-format-gallery\">\n<div class=\"fusion-post-wrapper\" style=\"background-color:rgba(255,255,255,0);border:1px solid #f2f3f5;border-bottom-width:3px;\">\n\n<div class=\"fusion-post-content-wrapper\" style=\"padding:30px 25px 25px 25px;\"><div class=\"fusion-post-content post-content\"><h2 class=\"blog-shortcode-post-title entry-title\"><a href=\"https:\/\/fsyc.org\/coopera\/cooperacio\/taller-sobre-drets-sexuals-i-reproductius-dsr-capacita-a-5-dones-joves-liders-i-9-autoritats-locals-de-pikine-i-guediawaye\/\">Taller de Drets Sexuals i Reproductius<\/a><\/h2><div class=\"fusion-content-sep sep-double sep-solid\"><\/div><\/div><div class=\"fusion-meta-info\"><div class=\"fusion-alignleft\"><a class=\"fusion-read-more\" href=\"https:\/\/fsyc.org\/coopera\/cooperacio\/taller-sobre-drets-sexuals-i-reproductius-dsr-capacita-a-5-dones-joves-liders-i-9-autoritats-locals-de-pikine-i-guediawaye\/\" aria-label=\"More on Taller de Drets Sexuals i Reproductius\">Llegeix m\u00e9s<\/a><\/div><\/div><\/div><div class=\"fusion-clearfix\"><\/div><\/div>\n<\/article>\n<article id=\"blog-1-post-141\" class=\"fusion-post-grid post-141 post type-post status-publish format-image hentry category-cooperacio post_format-post-format-image\">\n<div class=\"fusion-post-wrapper\" style=\"background-color:rgba(255,255,255,0);border:1px solid #f2f3f5;border-bottom-width:3px;\">\n\n<div class=\"fusion-post-content-wrapper\" style=\"padding:30px 25px 25px 25px;\"><div class=\"fusion-post-content post-content\"><h2 class=\"blog-shortcode-post-title entry-title\"><a href=\"https:\/\/fsyc.org\/coopera\/cooperacio\/taller-de-lideratge\/\">Taller de lideratge i emprenedoria femenina<\/a><\/h2><div class=\"fusion-content-sep sep-double sep-solid\"><\/div><\/div><div class=\"fusion-meta-info\"><div class=\"fusion-alignleft\"><a class=\"fusion-read-more\" href=\"https:\/\/fsyc.org\/coopera\/cooperacio\/taller-de-lideratge\/\" aria-label=\"More on Taller de lideratge i emprenedoria femenina\">Llegeix m\u00e9s<\/a><\/div><\/div><\/div><div class=\"fusion-clearfix\"><\/div><\/div>\n<\/article>\n<article id=\"blog-1-post-115\" class=\"fusion-post-grid post-115 post type-post status-publish format-standard hentry category-cooperacio\">\n<div class=\"fusion-post-wrapper\" style=\"background-color:rgba(255,255,255,0);border:1px solid #f2f3f5;border-bottom-width:3px;\">\n\n<div class=\"fusion-post-content-wrapper\" style=\"padding:30px 25px 25px 25px;\"><div class=\"fusion-post-content post-content\"><h2 class=\"blog-shortcode-post-title entry-title\"><a href=\"https:\/\/fsyc.org\/coopera\/cooperacio\/arrenca-la-capacitacio-sobre-vbg-a-pikine-i-guediawaye-dakar-senegal\/\">Arrenca la capacitaci\u00f3 sobre VBG a Pikine i Gu\u00e9diawaye, Dakar, Senegal<\/a><\/h2><div class=\"fusion-content-sep sep-double sep-solid\"><\/div><\/div><div class=\"fusion-meta-info\"><div class=\"fusion-alignleft\"><a class=\"fusion-read-more\" href=\"https:\/\/fsyc.org\/coopera\/cooperacio\/arrenca-la-capacitacio-sobre-vbg-a-pikine-i-guediawaye-dakar-senegal\/\" aria-label=\"More on Arrenca la capacitaci\u00f3 sobre VBG a Pikine i Gu\u00e9diawaye, Dakar, Senegal\">Llegeix m\u00e9s<\/a><\/div><\/div><\/div><div class=\"fusion-clearfix\"><\/div><\/div>\n<\/article>\n<div class=\"fusion-clearfix\"><\/div><\/div><\/div><\/div><\/div><\/div><\/div><\/p>\n","protected":false},"excerpt":{"rendered":"","protected":false},"author":1,"featured_media":0,"parent":0,"menu_order":0,"comment_status":"closed","ping_status":"closed","template":"","meta":{"footnotes":""},"yoast_head":"<!-- This site is optimized with the Yoast SEO plugin v24.5 - https:\/\/yoast.com\/wordpress\/plugins\/seo\/ -->\n<title>Cooperaci\u00f3 - Cooperaci\u00f3 i Sensibilitzaci\u00f3. Promovent l\u2019equitat i just\u00edcia global<\/title>\n<meta name=\"robots\" content=\"index, follow, max-snippet:-1, max-image-preview:large, max-video-preview:-1\" \/>\n<link rel=\"canonical\" href=\"https:\/\/fsyc.org\/coopera\/cooperacio\/\" \/>\n<meta property=\"og:locale\" content=\"ca_ES\" \/>\n<meta property=\"og:type\" content=\"article\" \/>\n<meta property=\"og:title\" content=\"Cooperaci\u00f3 - Cooperaci\u00f3 i Sensibilitzaci\u00f3. Promovent l\u2019equitat i just\u00edcia global\" \/>\n<meta property=\"og:url\" content=\"https:\/\/fsyc.org\/coopera\/cooperacio\/\" \/>\n<meta property=\"og:site_name\" content=\"Cooperaci\u00f3 i Sensibilitzaci\u00f3. Promovent l\u2019equitat i just\u00edcia global\" \/>\n<meta property=\"article:publisher\" content=\"https:\/\/www.facebook.com\/fundsalcom\" \/>\n<meta property=\"article:modified_time\" content=\"2020-12-24T10:12:17+00:00\" \/>\n<meta property=\"og:image\" content=\"https:\/\/fsyc.org\/coopera\/wp-content\/uploads\/2020\/12\/coopera-default.jpg\" \/>\n\t<meta property=\"og:image:width\" content=\"1200\" \/>\n\t<meta property=\"og:image:height\" content=\"630\" \/>\n\t<meta property=\"og:image:type\" content=\"image\/jpeg\" \/>\n<meta name=\"twitter:card\" content=\"summary_large_image\" \/>\n<meta name=\"twitter:site\" content=\"@fundsalcom\" \/>\n<meta name=\"twitter:label1\" content=\"Temps estimat de lectura\" \/>\n\t<meta name=\"twitter:data1\" content=\"6 minuts\" \/>\n<script type=\"application\/ld+json\" class=\"yoast-schema-graph\">{\"@context\":\"https:\/\/schema.org\",\"@graph\":[{\"@type\":\"WebPage\",\"@id\":\"https:\/\/fsyc.org\/coopera\/cooperacio\/\",\"url\":\"https:\/\/fsyc.org\/coopera\/cooperacio\/\",\"name\":\"Cooperaci\u00f3 - Cooperaci\u00f3 i Sensibilitzaci\u00f3. Promovent l\u2019equitat i just\u00edcia global\",\"isPartOf\":{\"@id\":\"https:\/\/fsyc.org\/coopera\/#website\"},\"datePublished\":\"2020-12-08T17:48:07+00:00\",\"dateModified\":\"2020-12-24T10:12:17+00:00\",\"breadcrumb\":{\"@id\":\"https:\/\/fsyc.org\/coopera\/cooperacio\/#breadcrumb\"},\"inLanguage\":\"ca\",\"potentialAction\":[{\"@type\":\"ReadAction\",\"target\":[\"https:\/\/fsyc.org\/coopera\/cooperacio\/\"]}]},{\"@type\":\"BreadcrumbList\",\"@id\":\"https:\/\/fsyc.org\/coopera\/cooperacio\/#breadcrumb\",\"itemListElement\":[{\"@type\":\"ListItem\",\"position\":1,\"name\":\"Inici\",\"item\":\"https:\/\/fsyc.org\/coopera\/\"},{\"@type\":\"ListItem\",\"position\":2,\"name\":\"Cooperaci\u00f3\"}]},{\"@type\":\"WebSite\",\"@id\":\"https:\/\/fsyc.org\/coopera\/#website\",\"url\":\"https:\/\/fsyc.org\/coopera\/\",\"name\":\"Cooperaci\u00f3 i Sensibilitzaci\u00f3. Promovent l\u2019equitat i just\u00edcia global\",\"description\":\"Des de la Fundaci\u00f3 Salut i Comunitat comptem amb una llarga traject\u00f2ria en l\u2019\u00e0mbit de la Cooperaci\u00f3 Internacional en mat\u00e8ria de viol\u00e8ncies de g\u00e8nere i drets sexuals i reproductius, especialment al continent afric\u00e0. Des d\u2019un enfoc de G\u00e8nere i Drets Humans, assumim un comprom\u00eds amb l\u2019equitat i la just\u00edcia global.\",\"publisher\":{\"@id\":\"https:\/\/fsyc.org\/coopera\/#organization\"},\"potentialAction\":[{\"@type\":\"SearchAction\",\"target\":{\"@type\":\"EntryPoint\",\"urlTemplate\":\"https:\/\/fsyc.org\/coopera\/?s={search_term_string}\"},\"query-input\":{\"@type\":\"PropertyValueSpecification\",\"valueRequired\":true,\"valueName\":\"search_term_string\"}}],\"inLanguage\":\"ca\"},{\"@type\":\"Organization\",\"@id\":\"https:\/\/fsyc.org\/coopera\/#organization\",\"name\":\"Fundaci\u00f3 Salut i Comunitat\",\"url\":\"https:\/\/fsyc.org\/coopera\/\",\"logo\":{\"@type\":\"ImageObject\",\"inLanguage\":\"ca\",\"@id\":\"https:\/\/fsyc.org\/coopera\/#\/schema\/logo\/image\/\",\"url\":\"https:\/\/fsyc.org\/coopera\/wp-content\/uploads\/2020\/12\/logo-fsc-nweb-cast-01.png\",\"contentUrl\":\"https:\/\/fsyc.org\/coopera\/wp-content\/uploads\/2020\/12\/logo-fsc-nweb-cast-01.png\",\"width\":534,\"height\":279,\"caption\":\"Fundaci\u00f3 Salut i Comunitat\"},\"image\":{\"@id\":\"https:\/\/fsyc.org\/coopera\/#\/schema\/logo\/image\/\"},\"sameAs\":[\"https:\/\/www.facebook.com\/fundsalcom\",\"https:\/\/x.com\/fundsalcom\",\"https:\/\/www.instagram.com\/fundsalcom\/\",\"https:\/\/www.linkedin.com\/company\/fundacion-salud-y-comunidad\/\",\"https:\/\/www.youtube.com\/user\/fsyc\"]}]}<\/script>\n<!-- \/ Yoast SEO plugin. -->","yoast_head_json":{"title":"Cooperaci\u00f3 - Cooperaci\u00f3 i Sensibilitzaci\u00f3. Promovent l\u2019equitat i just\u00edcia global","robots":{"index":"index","follow":"follow","max-snippet":"max-snippet:-1","max-image-preview":"max-image-preview:large","max-video-preview":"max-video-preview:-1"},"canonical":"https:\/\/fsyc.org\/coopera\/cooperacio\/","og_locale":"ca_ES","og_type":"article","og_title":"Cooperaci\u00f3 - Cooperaci\u00f3 i Sensibilitzaci\u00f3. Promovent l\u2019equitat i just\u00edcia global","og_url":"https:\/\/fsyc.org\/coopera\/cooperacio\/","og_site_name":"Cooperaci\u00f3 i Sensibilitzaci\u00f3. Promovent l\u2019equitat i just\u00edcia global","article_publisher":"https:\/\/www.facebook.com\/fundsalcom","article_modified_time":"2020-12-24T10:12:17+00:00","og_image":[{"width":1200,"height":630,"url":"https:\/\/fsyc.org\/coopera\/wp-content\/uploads\/2020\/12\/coopera-default.jpg","type":"image\/jpeg"}],"twitter_card":"summary_large_image","twitter_site":"@fundsalcom","twitter_misc":{"Temps estimat de lectura":"6 minuts"},"schema":{"@context":"https:\/\/schema.org","@graph":[{"@type":"WebPage","@id":"https:\/\/fsyc.org\/coopera\/cooperacio\/","url":"https:\/\/fsyc.org\/coopera\/cooperacio\/","name":"Cooperaci\u00f3 - Cooperaci\u00f3 i Sensibilitzaci\u00f3. Promovent l\u2019equitat i just\u00edcia global","isPartOf":{"@id":"https:\/\/fsyc.org\/coopera\/#website"},"datePublished":"2020-12-08T17:48:07+00:00","dateModified":"2020-12-24T10:12:17+00:00","breadcrumb":{"@id":"https:\/\/fsyc.org\/coopera\/cooperacio\/#breadcrumb"},"inLanguage":"ca","potentialAction":[{"@type":"ReadAction","target":["https:\/\/fsyc.org\/coopera\/cooperacio\/"]}]},{"@type":"BreadcrumbList","@id":"https:\/\/fsyc.org\/coopera\/cooperacio\/#breadcrumb","itemListElement":[{"@type":"ListItem","position":1,"name":"Inici","item":"https:\/\/fsyc.org\/coopera\/"},{"@type":"ListItem","position":2,"name":"Cooperaci\u00f3"}]},{"@type":"WebSite","@id":"https:\/\/fsyc.org\/coopera\/#website","url":"https:\/\/fsyc.org\/coopera\/","name":"Cooperaci\u00f3 i Sensibilitzaci\u00f3. Promovent l\u2019equitat i just\u00edcia global","description":"Des de la Fundaci\u00f3 Salut i Comunitat comptem amb una llarga traject\u00f2ria en l\u2019\u00e0mbit de la Cooperaci\u00f3 Internacional en mat\u00e8ria de viol\u00e8ncies de g\u00e8nere i drets sexuals i reproductius, especialment al continent afric\u00e0. Des d\u2019un enfoc de G\u00e8nere i Drets Humans, assumim un comprom\u00eds amb l\u2019equitat i la just\u00edcia global.","publisher":{"@id":"https:\/\/fsyc.org\/coopera\/#organization"},"potentialAction":[{"@type":"SearchAction","target":{"@type":"EntryPoint","urlTemplate":"https:\/\/fsyc.org\/coopera\/?s={search_term_string}"},"query-input":{"@type":"PropertyValueSpecification","valueRequired":true,"valueName":"search_term_string"}}],"inLanguage":"ca"},{"@type":"Organization","@id":"https:\/\/fsyc.org\/coopera\/#organization","name":"Fundaci\u00f3 Salut i Comunitat","url":"https:\/\/fsyc.org\/coopera\/","logo":{"@type":"ImageObject","inLanguage":"ca","@id":"https:\/\/fsyc.org\/coopera\/#\/schema\/logo\/image\/","url":"https:\/\/fsyc.org\/coopera\/wp-content\/uploads\/2020\/12\/logo-fsc-nweb-cast-01.png","contentUrl":"https:\/\/fsyc.org\/coopera\/wp-content\/uploads\/2020\/12\/logo-fsc-nweb-cast-01.png","width":534,"height":279,"caption":"Fundaci\u00f3 Salut i Comunitat"},"image":{"@id":"https:\/\/fsyc.org\/coopera\/#\/schema\/logo\/image\/"},"sameAs":["https:\/\/www.facebook.com\/fundsalcom","https:\/\/x.com\/fundsalcom","https:\/\/www.instagram.com\/fundsalcom\/","https:\/\/www.linkedin.com\/company\/fundacion-salud-y-comunidad\/","https:\/\/www.youtube.com\/user\/fsyc"]}]}},"_links":{"self":[{"href":"https:\/\/fsyc.org\/coopera\/wp-json\/wp\/v2\/pages\/26"}],"collection":[{"href":"https:\/\/fsyc.org\/coopera\/wp-json\/wp\/v2\/pages"}],"about":[{"href":"https:\/\/fsyc.org\/coopera\/wp-json\/wp\/v2\/types\/page"}],"author":[{"embeddable":true,"href":"https:\/\/fsyc.org\/coopera\/wp-json\/wp\/v2\/users\/1"}],"replies":[{"embeddable":true,"href":"https:\/\/fsyc.org\/coopera\/wp-json\/wp\/v2\/comments?post=26"}],"version-history":[{"count":13,"href":"https:\/\/fsyc.org\/coopera\/wp-json\/wp\/v2\/pages\/26\/revisions"}],"predecessor-version":[{"id":127,"href":"https:\/\/fsyc.org\/coopera\/wp-json\/wp\/v2\/pages\/26\/revisions\/127"}],"wp:attachment":[{"href":"https:\/\/fsyc.org\/coopera\/wp-json\/wp\/v2\/media?parent=26"}],"curies":[{"name":"wp","href":"https:\/\/api.w.org\/{rel}","templated":true}]}}